{"id":24573,"date":"2022-09-12T08:42:26","date_gmt":"2022-09-12T01:42:26","guid":{"rendered":"\/vi\/?page_id=24573"},"modified":"2022-09-27T08:57:10","modified_gmt":"2022-09-27T01:57:10","slug":"gioi-thieu-cukcuk","status":"publish","type":"page","link":"\/vi\/gioi-thieu-cukcuk\/","title":{"rendered":"Gi\u1edbi thi\u1ec7u CUKCUK"},"content":{"rendered":"<p><strong>PHIM GI\u1edaI THI\u1ec6U<\/strong><\/p>\r\n<p><strong> CUKCUK &#8211; T\u1ed5ng quan v\u1ec1 h\u1ec7 th\u1ed1ng qu\u1ea3n l\u00fd nh\u00e0 h\u00e0ng<\/strong><\/p>\r\n<p><iframe src=\"https:\/\/player.vimeo.com\/video\/217628114?title=0&amp;byline=0&amp;portrait=0\" width=\"560\" height=\"315\" frameborder=\"0\" allowfullscreen=\"allowfullscreen\" data-mce-fragment=\"1\"><\/iframe><\/p>\r\n<!-- \/wp:paragraph -->\r\n\r\n<!-- wp:html --><!-- \/wp:html -->\r\n\r\n<!-- wp:paragraph -->\r\n<p>T\u1ea3i phim <strong><a href=\"https:\/\/vimeo.com\/217628114\">T\u1ea1i \u0111\u00e2y<\/a><\/strong><\/p>","protected":false},"excerpt":{"rendered":"<p>PHIM GI\u1edaI THI\u1ec6U CUKCUK &#8211; T\u1ed5ng quan v\u1ec1 h\u1ec7 th\u1ed1ng qu\u1ea3n l\u00fd nh\u00e0 h\u00e0ng T\u1ea3i phim T\u1ea1i \u0111\u00e2y<\/p>\n","protected":false},"author":110,"featured_media":0,"parent":0,"menu_order":0,"comment_status":"closed","ping_status":"closed","template":"","meta":{"footnotes":"","_links_to":"","_links_to_target":""},"class_list":["post-24573","page","type-page","status-publish","hentry"],"_links":{"self":[{"href":"\/vi\/wp-json\/wp\/v2\/pages\/24573","targetHints":{"allow":["GET"]}}],"collection":[{"href":"\/vi\/wp-json\/wp\/v2\/pages"}],"about":[{"href":"\/vi\/wp-json\/wp\/v2\/types\/page"}],"author":[{"embeddable":true,"href":"\/vi\/wp-json\/wp\/v2\/users\/110"}],"replies":[{"embeddable":true,"href":"\/vi\/wp-json\/wp\/v2\/comments?post=24573"}],"version-history":[{"count":3,"href":"\/vi\/wp-json\/wp\/v2\/pages\/24573\/revisions"}],"predecessor-version":[{"id":26678,"href":"\/vi\/wp-json\/wp\/v2\/pages\/24573\/revisions\/26678"}],"wp:attachment":[{"href":"\/vi\/wp-json\/wp\/v2\/media?parent=24573"}],"curies":[{"name":"wp","href":"https:\/\/api.w.org\/{rel}","templated":true}]}}